{"id":70,"date":"2020-09-09T22:02:04","date_gmt":"2020-09-09T22:02:04","guid":{"rendered":"https:\/\/www.elblogdemila.com\/blogs\/elblogdemila\/?page_id=70"},"modified":"2021-01-21T19:46:37","modified_gmt":"2021-01-21T19:46:37","slug":"mis-poemas","status":"publish","type":"page","link":"https:\/\/www.elblogdemila.com\/blogs\/elblogdemila\/?page_id=70","title":{"rendered":"Mis poemas"},"content":{"rendered":"<p><img loading=\"lazy\" decoding=\"async\" class=\"aligncenter wp-image-178 size-full\" src=\"https:\/\/www.elblogdemila.com\/blogs\/elblogdemila\/wp-content\/uploads\/sites\/2\/2020\/12\/libro-rosa.jpg\" alt=\"\" width=\"1920\" height=\"1186\" srcset=\"https:\/\/www.elblogdemila.com\/blogs\/elblogdemila\/wp-content\/uploads\/sites\/2\/2020\/12\/libro-rosa.jpg 1920w, https:\/\/www.elblogdemila.com\/blogs\/elblogdemila\/wp-content\/uploads\/sites\/2\/2020\/12\/libro-rosa-300x185.jpg 300w, https:\/\/www.elblogdemila.com\/blogs\/elblogdemila\/wp-content\/uploads\/sites\/2\/2020\/12\/libro-rosa-1024x633.jpg 1024w, https:\/\/www.elblogdemila.com\/blogs\/elblogdemila\/wp-content\/uploads\/sites\/2\/2020\/12\/libro-rosa-768x474.jpg 768w, https:\/\/www.elblogdemila.com\/blogs\/elblogdemila\/wp-content\/uploads\/sites\/2\/2020\/12\/libro-rosa-1536x949.jpg 1536w\" sizes=\"auto, (max-width: 1920px) 100vw, 1920px\" \/><\/p>\n<p>\u00a1Bienvenido\/a a mi blog! Un rinc\u00f3n para la poes\u00eda.<\/p>\n<p>Si os gusta compartir sentimientos, respeto y solidaridad, bienvenido se\u00e1is.<\/p>\n<p>Cada semana, los lunes y los jueves a las 9 de la ma\u00f1ana, un\u00a0 poema nuevo. \u00a1No te los pierdas!<\/p>\n<p>Esta web estar\u00e1 en constante actualizaci\u00f3n.<\/p>\n","protected":false},"excerpt":{"rendered":"<p>\u00a1Bienvenido\/a a mi blog! Un rinc\u00f3n para la poes\u00eda. Si os gusta compartir sentimientos, respeto y solidaridad, bienvenido se\u00e1is. Cada semana, los lunes y los jueves a las 9 de la ma\u00f1ana, un\u00a0 poema nuevo. \u00a1No te los pierdas! Esta web estar\u00e1 en constante actualizaci\u00f3n.<\/p>\n","protected":false},"author":1,"featured_media":0,"parent":0,"menu_order":0,"comment_status":"closed","ping_status":"closed","template":"","meta":{"footnotes":""},"class_list":["post-70","page","type-page","status-publish","hentry","entry"],"jetpack_sharing_enabled":true,"_links":{"self":[{"href":"https:\/\/www.elblogdemila.com\/blogs\/elblogdemila\/index.php?rest_route=\/wp\/v2\/pages\/70","targetHints":{"allow":["GET"]}}],"collection":[{"href":"https:\/\/www.elblogdemila.com\/blogs\/elblogdemila\/index.php?rest_route=\/wp\/v2\/pages"}],"about":[{"href":"https:\/\/www.elblogdemila.com\/blogs\/elblogdemila\/index.php?rest_route=\/wp\/v2\/types\/page"}],"author":[{"embeddable":true,"href":"https:\/\/www.elblogdemila.com\/blogs\/elblogdemila\/index.php?rest_route=\/wp\/v2\/users\/1"}],"replies":[{"embeddable":true,"href":"https:\/\/www.elblogdemila.com\/blogs\/elblogdemila\/index.php?rest_route=%2Fwp%2Fv2%2Fcomments&post=70"}],"version-history":[{"count":9,"href":"https:\/\/www.elblogdemila.com\/blogs\/elblogdemila\/index.php?rest_route=\/wp\/v2\/pages\/70\/revisions"}],"predecessor-version":[{"id":374,"href":"https:\/\/www.elblogdemila.com\/blogs\/elblogdemila\/index.php?rest_route=\/wp\/v2\/pages\/70\/revisions\/374"}],"wp:attachment":[{"href":"https:\/\/www.elblogdemila.com\/blogs\/elblogdemila\/index.php?rest_route=%2Fwp%2Fv2%2Fmedia&parent=70"}],"curies":[{"name":"wp","href":"https:\/\/api.w.org\/{rel}","templated":true}]}}